{"id":176,"date":"2025-04-02T21:19:22","date_gmt":"2025-04-02T19:19:22","guid":{"rendered":"https:\/\/wellenfunktion.ch\/?page_id=176"},"modified":"2025-04-17T20:00:22","modified_gmt":"2025-04-17T18:00:22","slug":"theory-2","status":"publish","type":"page","link":"https:\/\/wellenfunktion.ch\/?page_id=176&lang=es","title":{"rendered":"Theory"},"content":{"rendered":"\n<p>Desde el descubrimiento de la ecuaci\u00f3n de Schr\u00f6dinger en 1926 y la soluci\u00f3n del problema de la mol\u00e9cula de hidr\u00f3geno por Heitler y London en 1927, la naturaleza del enlace qu\u00edmico ha quedado resuelta, al menos en sus principios. Los \u00e1tomos interact\u00faan unos con otros combinando sus funciones de onda at\u00f3micas en funciones de onda moleculares en el \u00e1mbito de la interferencia mec\u00e1nica cu\u00e1ntica, es decir, interferencia constructiva (enlace) o interferencia destructiva (antienlace). El comportamiento de los s\u00f3lidos (es decir, mol\u00e9culas infinitamente grandes) es completamente similar.<\/p>\n\n\n\n<p>El concepto de funci\u00f3n de onda (del alem\u00e1n: Wellenfunktion, acu\u00f1ado por Erwin Schr\u00f6dinger) es de suma importancia. \u00danicamente mediante el an\u00e1lisis de la funci\u00f3n de onda es posible elucidar plenamente las interacciones del enlace qu\u00edmico, por lo que la funci\u00f3n de onda tiene una importancia fundamental. Aunque en el siglo XXI los c\u00e1lculos de mec\u00e1nica cu\u00e1ntica se realizan a menudo a partir de la densidad (para acelerar las cosas), s\u00f3lo el an\u00e1lisis de la funci\u00f3n de onda revela toda la informaci\u00f3n.<\/p>\n\n\n<div class=\"wp-block-image\">\n<figure class=\"aligncenter size-full is-resized\"><img loading=\"lazy\" decoding=\"async\" width=\"432\" height=\"596\" src=\"https:\/\/wellenfunktion.ch\/wp-content\/uploads\/2025\/04\/WZ_Erwin_S_colorized.jpg\" alt=\"\" class=\"wp-image-289\" style=\"width:300px\" srcset=\"https:\/\/wellenfunktion.ch\/wp-content\/uploads\/2025\/04\/WZ_Erwin_S_colorized.jpg 432w, https:\/\/wellenfunktion.ch\/wp-content\/uploads\/2025\/04\/WZ_Erwin_S_colorized-217x300.jpg 217w\" sizes=\"auto, (max-width: 432px) 100vw, 432px\" \/><\/figure>\n<\/div>\n\n\n<p>Para los c\u00e1lculos de mec\u00e1nica cu\u00e1ntica en sistemas extendidos, que suelen realizarse con las denominadas ondas planas, la principal dificultad reside en la transformaci\u00f3n de la informaci\u00f3n de la mec\u00e1nica cu\u00e1ntica deslocalizada en una representaci\u00f3n local. S\u00f3lo entonces es posible un an\u00e1lisis qu\u00edmico significativo. Wellenfunktion GmbH dispone del algoritmo m\u00e1s potente capaz de proyectar sobre \u00e1tomos y tambi\u00e9n sobre unidades moleculares.<\/p>\n","protected":false},"excerpt":{"rendered":"<p>Desde el descubrimiento de la ecuaci\u00f3n de Schr\u00f6dinger en 1926 y la soluci\u00f3n del problema de la mol\u00e9cula de hidr\u00f3geno por Heitler y London en 1927, la naturaleza del enlace qu\u00edmico ha quedado resuelta, al menos en sus principios. Los \u00e1tomos interact\u00faan unos con otros combinando sus funciones de onda at\u00f3micas en funciones de onda&hellip;&nbsp;<a href=\"https:\/\/wellenfunktion.ch\/?page_id=176&#038;lang=es\" rel=\"bookmark\"><span class=\"screen-reader-text\">Theory<\/span><\/a><\/p>\n","protected":false},"author":1,"featured_media":0,"parent":0,"menu_order":0,"comment_status":"closed","ping_status":"closed","template":"","meta":{"neve_meta_sidebar":"","neve_meta_container":"","neve_meta_enable_content_width":"","neve_meta_content_width":0,"neve_meta_title_alignment":"","neve_meta_author_avatar":"","neve_post_elements_order":"","neve_meta_disable_header":"","neve_meta_disable_footer":"","neve_meta_disable_title":"","footnotes":""},"class_list":["post-176","page","type-page","status-publish","hentry"],"_links":{"self":[{"href":"https:\/\/wellenfunktion.ch\/index.php?rest_route=\/wp\/v2\/pages\/176","targetHints":{"allow":["GET"]}}],"collection":[{"href":"https:\/\/wellenfunktion.ch\/index.php?rest_route=\/wp\/v2\/pages"}],"about":[{"href":"https:\/\/wellenfunktion.ch\/index.php?rest_route=\/wp\/v2\/types\/page"}],"author":[{"embeddable":true,"href":"https:\/\/wellenfunktion.ch\/index.php?rest_route=\/wp\/v2\/users\/1"}],"replies":[{"embeddable":true,"href":"https:\/\/wellenfunktion.ch\/index.php?rest_route=%2Fwp%2Fv2%2Fcomments&post=176"}],"version-history":[{"count":3,"href":"https:\/\/wellenfunktion.ch\/index.php?rest_route=\/wp\/v2\/pages\/176\/revisions"}],"predecessor-version":[{"id":325,"href":"https:\/\/wellenfunktion.ch\/index.php?rest_route=\/wp\/v2\/pages\/176\/revisions\/325"}],"wp:attachment":[{"href":"https:\/\/wellenfunktion.ch\/index.php?rest_route=%2Fwp%2Fv2%2Fmedia&parent=176"}],"curies":[{"name":"wp","href":"https:\/\/api.w.org\/{rel}","templated":true}]}}