{"id":168,"date":"2025-04-02T21:19:11","date_gmt":"2025-04-02T19:19:11","guid":{"rendered":"https:\/\/wellenfunktion.ch\/?page_id=168"},"modified":"2026-03-11T18:38:05","modified_gmt":"2026-03-11T17:38:05","slug":"services-3","status":"publish","type":"page","link":"https:\/\/wellenfunktion.ch\/?page_id=168&lang=es","title":{"rendered":"Services"},"content":{"rendered":"\n<p>Nuestra principal actividad es el asesoramiento cient\u00edfico a clientes en el campo de la qu\u00edmica cu\u00e1ntica. Por un lado, ayudamos a nuestros clientes a resolver problemas dif\u00edciles en la comprensi\u00f3n de simulaciones de mec\u00e1nica cu\u00e1ntica mediante el an\u00e1lisis de la funci\u00f3n de onda y as\u00ed ayudarlos a desarrollar mejores productos. En otras palabras, sacamos la \u00abqu\u00edmica\u00bb de sus n\u00fameros.<\/p>\n\n\n<div class=\"wp-block-image\">\n<figure class=\"aligncenter size-large is-resized\"><img decoding=\"async\" src=\"https:\/\/wellenfunktion.ch\/wp-content\/uploads\/2025\/04\/Perowskit_scaled-1024x843.jpg\" alt=\"\" class=\"wp-image-297\" style=\"width:500px\"\/><\/figure>\n<\/div>\n\n\n<p>Por otro lado, asesoramos a nuestros clientes en el modelamiento y simulaci\u00f3n de problemas moleculares o de materiales para obtener resultados fiables m\u00e1s r\u00e1pido que los experimentos. Si lo desean, podemos capacitar a nuestros clientes en el c\u00e1lculo mec\u00e1nico-cu\u00e1ntico y el an\u00e1lisis qu\u00edmico-cu\u00e1ntico de cualquier sistema qu\u00edmico a cualquier escala.<\/p>\n\n\n\n<p>Con ORBITAL (2026), ofrecemos el programa inform\u00e1tico m\u00e1s potente del mundo para el an\u00e1lisis qu\u00edmico cu\u00e1ntico de sistemas peri\u00f3dicos, relacionado con el programa de prop\u00f3sito acad\u00e9mico LOBSTER (<a href=\"http:\/\/cohp.de\/\">www.cohp.de<\/a>), pero considerablemente m\u00e1s r\u00e1pido, m\u00e1s potente y, sobre todo, m\u00e1s f\u00e1cil de usar. Garantizamos un est\u00e1ndar profesional industrial con resultados absolutamente fiables.<\/p>\n\n\n\n<p>Entre nuestros clientes figuran, por ejemplo, empresas del sector inform\u00e1tico l\u00edderes en el desarrollo de componentes electr\u00f3nicos innovadores, y tambi\u00e9n clientes del entorno acad\u00e9mico universitario.<\/p>\n","protected":false},"excerpt":{"rendered":"<p>Nuestra principal actividad es el asesoramiento cient\u00edfico a clientes en el campo de la qu\u00edmica cu\u00e1ntica. Por un lado, ayudamos a nuestros clientes a resolver problemas dif\u00edciles en la comprensi\u00f3n de simulaciones de mec\u00e1nica cu\u00e1ntica mediante el an\u00e1lisis de la funci\u00f3n de onda y as\u00ed ayudarlos a desarrollar mejores productos. En otras palabras, sacamos la&hellip;&nbsp;<a href=\"https:\/\/wellenfunktion.ch\/?page_id=168&#038;lang=es\" rel=\"bookmark\"><span class=\"screen-reader-text\">Services<\/span><\/a><\/p>\n","protected":false},"author":1,"featured_media":0,"parent":0,"menu_order":0,"comment_status":"closed","ping_status":"closed","template":"","meta":{"neve_meta_sidebar":"","neve_meta_container":"","neve_meta_enable_content_width":"","neve_meta_content_width":0,"neve_meta_title_alignment":"","neve_meta_author_avatar":"","neve_post_elements_order":"","neve_meta_disable_header":"","neve_meta_disable_footer":"","neve_meta_disable_title":"","footnotes":""},"class_list":["post-168","page","type-page","status-publish","hentry"],"_links":{"self":[{"href":"https:\/\/wellenfunktion.ch\/index.php?rest_route=\/wp\/v2\/pages\/168","targetHints":{"allow":["GET"]}}],"collection":[{"href":"https:\/\/wellenfunktion.ch\/index.php?rest_route=\/wp\/v2\/pages"}],"about":[{"href":"https:\/\/wellenfunktion.ch\/index.php?rest_route=\/wp\/v2\/types\/page"}],"author":[{"embeddable":true,"href":"https:\/\/wellenfunktion.ch\/index.php?rest_route=\/wp\/v2\/users\/1"}],"replies":[{"embeddable":true,"href":"https:\/\/wellenfunktion.ch\/index.php?rest_route=%2Fwp%2Fv2%2Fcomments&post=168"}],"version-history":[{"count":6,"href":"https:\/\/wellenfunktion.ch\/index.php?rest_route=\/wp\/v2\/pages\/168\/revisions"}],"predecessor-version":[{"id":350,"href":"https:\/\/wellenfunktion.ch\/index.php?rest_route=\/wp\/v2\/pages\/168\/revisions\/350"}],"wp:attachment":[{"href":"https:\/\/wellenfunktion.ch\/index.php?rest_route=%2Fwp%2Fv2%2Fmedia&parent=168"}],"curies":[{"name":"wp","href":"https:\/\/api.w.org\/{rel}","templated":true}]}}