{"id":160,"date":"2025-04-02T21:19:01","date_gmt":"2025-04-02T19:19:01","guid":{"rendered":"https:\/\/wellenfunktion.ch\/?page_id=160"},"modified":"2026-05-03T11:33:33","modified_gmt":"2026-05-03T09:33:33","slug":"scientific-consultingand-development","status":"publish","type":"page","link":"https:\/\/wellenfunktion.ch\/?page_id=160&lang=es","title":{"rendered":"Scientific Consulting<\/br>and Development"},"content":{"rendered":"\n<p>Wellenfunktion GmbH es una empresa joven con una formaci\u00f3n cient\u00edfica en qu\u00edmica y f\u00edsica cu\u00e1ntica. Apoyamos a nuestros clientes ya sea en asesoramiento cient\u00edfico o en simulaci\u00f3n qu\u00edmica cu\u00e1ntica, en particular cuando se trata de resolver problemas dif\u00edciles de qu\u00edmica o f\u00edsica cu\u00e1ntica. La naturaleza del enlace qu\u00edmico, que es en lo que se basan todas las propiedades f\u00edsicas y qu\u00edmicas, es nuestra principal actividad.<\/p>\n\n\n\n<p>Nuestro equipo cuenta con m\u00e1s de 50 a\u00f1os de experiencia en el an\u00e1lisis qu\u00edmico-cu\u00e1ntico de las funciones de onda. Los descriptores qu\u00edmicos cu\u00e1nticos esenciales, que son empleados en todo el mundo, fueron desarrollados por miembros de nuestro equipo en el \u00e1mbito acad\u00e9mico. Dado que todas las mol\u00e9culas y s\u00f3lidos son accesibles al c\u00e1lculo mec\u00e1nico cu\u00e1ntico, la funci\u00f3n de onda tambi\u00e9n puede analizarse de forma qu\u00edmico-cu\u00e1ntica. Nosotros entendemos el enlace qu\u00edmico. \u00bfPodemos ayudarle a comprender y, posteriormente, mejorar su mol\u00e9cula o material? P\u00f3ngase en contacto con nosotros.<\/p>\n\n\n<div class=\"wp-block-image\">\n<figure class=\"aligncenter size-large is-resized\"><img loading=\"lazy\" decoding=\"async\" width=\"1024\" height=\"217\" src=\"https:\/\/wellenfunktion.ch\/wp-content\/uploads\/2026\/05\/Coming_soon-1024x217.png\" alt=\"\" class=\"wp-image-354\" style=\"aspect-ratio:4.7180589319262145;width:485px;height:auto\" srcset=\"https:\/\/wellenfunktion.ch\/wp-content\/uploads\/2026\/05\/Coming_soon-1024x217.png 1024w, https:\/\/wellenfunktion.ch\/wp-content\/uploads\/2026\/05\/Coming_soon-300x64.png 300w, https:\/\/wellenfunktion.ch\/wp-content\/uploads\/2026\/05\/Coming_soon-768x163.png 768w, https:\/\/wellenfunktion.ch\/wp-content\/uploads\/2026\/05\/Coming_soon-1536x326.png 1536w, https:\/\/wellenfunktion.ch\/wp-content\/uploads\/2026\/05\/Coming_soon-2048x434.png 2048w\" sizes=\"auto, (max-width: 1024px) 100vw, 1024px\" \/><\/figure>\n<\/div>","protected":false},"excerpt":{"rendered":"<p>Wellenfunktion GmbH es una empresa joven con una formaci\u00f3n cient\u00edfica en qu\u00edmica y f\u00edsica cu\u00e1ntica. Apoyamos a nuestros clientes ya sea en asesoramiento cient\u00edfico o en simulaci\u00f3n qu\u00edmica cu\u00e1ntica, en particular cuando se trata de resolver problemas dif\u00edciles de qu\u00edmica o f\u00edsica cu\u00e1ntica. La naturaleza del enlace qu\u00edmico, que es en lo que se basan&hellip;&nbsp;<a href=\"https:\/\/wellenfunktion.ch\/?page_id=160&#038;lang=es\" rel=\"bookmark\"><span class=\"screen-reader-text\">Scientific Consulting<\/br>and Development<\/span><\/a><\/p>\n","protected":false},"author":1,"featured_media":0,"parent":0,"menu_order":0,"comment_status":"closed","ping_status":"closed","template":"","meta":{"neve_meta_sidebar":"","neve_meta_container":"","neve_meta_enable_content_width":"","neve_meta_content_width":0,"neve_meta_title_alignment":"","neve_meta_author_avatar":"","neve_post_elements_order":"","neve_meta_disable_header":"","neve_meta_disable_footer":"","neve_meta_disable_title":"","footnotes":""},"class_list":["post-160","page","type-page","status-publish","hentry"],"_links":{"self":[{"href":"https:\/\/wellenfunktion.ch\/index.php?rest_route=\/wp\/v2\/pages\/160","targetHints":{"allow":["GET"]}}],"collection":[{"href":"https:\/\/wellenfunktion.ch\/index.php?rest_route=\/wp\/v2\/pages"}],"about":[{"href":"https:\/\/wellenfunktion.ch\/index.php?rest_route=\/wp\/v2\/types\/page"}],"author":[{"embeddable":true,"href":"https:\/\/wellenfunktion.ch\/index.php?rest_route=\/wp\/v2\/users\/1"}],"replies":[{"embeddable":true,"href":"https:\/\/wellenfunktion.ch\/index.php?rest_route=%2Fwp%2Fv2%2Fcomments&post=160"}],"version-history":[{"count":3,"href":"https:\/\/wellenfunktion.ch\/index.php?rest_route=\/wp\/v2\/pages\/160\/revisions"}],"predecessor-version":[{"id":357,"href":"https:\/\/wellenfunktion.ch\/index.php?rest_route=\/wp\/v2\/pages\/160\/revisions\/357"}],"wp:attachment":[{"href":"https:\/\/wellenfunktion.ch\/index.php?rest_route=%2Fwp%2Fv2%2Fmedia&parent=160"}],"curies":[{"name":"wp","href":"https:\/\/api.w.org\/{rel}","templated":true}]}}