{"id":120,"date":"2025-03-27T19:58:19","date_gmt":"2025-03-27T18:58:19","guid":{"rendered":"https:\/\/wellenfunktion.ch\/?page_id=120"},"modified":"2026-05-03T11:34:00","modified_gmt":"2026-05-03T09:34:00","slug":"120-2","status":"publish","type":"page","link":"https:\/\/wellenfunktion.ch\/?page_id=120&lang=de","title":{"rendered":"Scientific Consulting<\/br>and Development"},"content":{"rendered":"\n<p>Die Wellenfunktion GmbH ist ein junges Unternehmen mit quantenchemisch-wissenschaftlichem Hintergrund. Wir unterst\u00fctzen Kunden durch wissenschaftliche Beratung und quantenchemische Simulation bei der L\u00f6sung diffiziler quantenchemischer oder -physikalischer Probleme. Das Wesen der chemischen Bindung, auf deren Grundlage alle chemischen und physikalischen Eigenschaften beruhen, ist unser Kerngesch\u00e4ft.<\/p>\n\n\n\n<p>Unser Team verf\u00fcgt \u00fcber insgesamt mehr als 50 Jahre Erfahrung in der quantenchemischen Analyse von Wellenfunktionen. Wesentliche quantenchemische Deskriptoren, die sich weltweit im Einsatz befinden, wurden von Mitarbeitern unseres Unternehmens im akademischen Umfeld entwickelt. Weil alle Molek\u00fcle und Feststoffe einer quantenmechanischen Rechnung zug\u00e4nglich sind, sind auch die Wellenfunktion quantenchemisch analysierbar. Wir verstehen die chemische Bindung. D\u00fcrfen wir Ihnen helfen, Ihr Molek\u00fcl oder Material zu verstehen und anschlie\u00dfend zu verbessern? Sprechen Sie uns an!<\/p>\n\n\n<div class=\"wp-block-image\">\n<figure class=\"aligncenter size-large is-resized\"><img loading=\"lazy\" decoding=\"async\" width=\"1024\" height=\"217\" src=\"https:\/\/wellenfunktion.ch\/wp-content\/uploads\/2026\/05\/Coming_soon-1024x217.png\" alt=\"\" class=\"wp-image-354\" style=\"aspect-ratio:4.7180589319262145;width:485px;height:auto\" srcset=\"https:\/\/wellenfunktion.ch\/wp-content\/uploads\/2026\/05\/Coming_soon-1024x217.png 1024w, https:\/\/wellenfunktion.ch\/wp-content\/uploads\/2026\/05\/Coming_soon-300x64.png 300w, https:\/\/wellenfunktion.ch\/wp-content\/uploads\/2026\/05\/Coming_soon-768x163.png 768w, https:\/\/wellenfunktion.ch\/wp-content\/uploads\/2026\/05\/Coming_soon-1536x326.png 1536w, https:\/\/wellenfunktion.ch\/wp-content\/uploads\/2026\/05\/Coming_soon-2048x434.png 2048w\" sizes=\"auto, (max-width: 1024px) 100vw, 1024px\" \/><\/figure>\n<\/div>","protected":false},"excerpt":{"rendered":"<p>Die Wellenfunktion GmbH ist ein junges Unternehmen mit quantenchemisch-wissenschaftlichem Hintergrund. Wir unterst\u00fctzen Kunden durch wissenschaftliche Beratung und quantenchemische Simulation bei der L\u00f6sung diffiziler quantenchemischer oder -physikalischer Probleme. Das Wesen der chemischen Bindung, auf deren Grundlage alle chemischen und physikalischen Eigenschaften beruhen, ist unser Kerngesch\u00e4ft. Unser Team verf\u00fcgt \u00fcber insgesamt mehr als 50 Jahre Erfahrung in&hellip;&nbsp;<a href=\"https:\/\/wellenfunktion.ch\/?page_id=120&#038;lang=de\" rel=\"bookmark\"><span class=\"screen-reader-text\">Scientific Consulting<\/br>and Development<\/span><\/a><\/p>\n","protected":false},"author":1,"featured_media":0,"parent":0,"menu_order":0,"comment_status":"closed","ping_status":"closed","template":"","meta":{"neve_meta_sidebar":"","neve_meta_container":"","neve_meta_enable_content_width":"","neve_meta_content_width":0,"neve_meta_title_alignment":"","neve_meta_author_avatar":"","neve_post_elements_order":"","neve_meta_disable_header":"","neve_meta_disable_footer":"","neve_meta_disable_title":"","footnotes":""},"class_list":["post-120","page","type-page","status-publish","hentry"],"_links":{"self":[{"href":"https:\/\/wellenfunktion.ch\/index.php?rest_route=\/wp\/v2\/pages\/120","targetHints":{"allow":["GET"]}}],"collection":[{"href":"https:\/\/wellenfunktion.ch\/index.php?rest_route=\/wp\/v2\/pages"}],"about":[{"href":"https:\/\/wellenfunktion.ch\/index.php?rest_route=\/wp\/v2\/types\/page"}],"author":[{"embeddable":true,"href":"https:\/\/wellenfunktion.ch\/index.php?rest_route=\/wp\/v2\/users\/1"}],"replies":[{"embeddable":true,"href":"https:\/\/wellenfunktion.ch\/index.php?rest_route=%2Fwp%2Fv2%2Fcomments&post=120"}],"version-history":[{"count":5,"href":"https:\/\/wellenfunktion.ch\/index.php?rest_route=\/wp\/v2\/pages\/120\/revisions"}],"predecessor-version":[{"id":358,"href":"https:\/\/wellenfunktion.ch\/index.php?rest_route=\/wp\/v2\/pages\/120\/revisions\/358"}],"wp:attachment":[{"href":"https:\/\/wellenfunktion.ch\/index.php?rest_route=%2Fwp%2Fv2%2Fmedia&parent=120"}],"curies":[{"name":"wp","href":"https:\/\/api.w.org\/{rel}","templated":true}]}}