{"id":116,"date":"2025-03-27T20:02:44","date_gmt":"2025-03-27T19:02:44","guid":{"rendered":"https:\/\/wellenfunktion.ch\/?page_id=116"},"modified":"2026-03-11T18:37:37","modified_gmt":"2026-03-11T17:37:37","slug":"services-2","status":"publish","type":"page","link":"https:\/\/wellenfunktion.ch\/?page_id=116&lang=de","title":{"rendered":"Services"},"content":{"rendered":"\n<p>Die wissenschaftliche Beratung von Kunden auf quantenmechanischem Gebiet ist unsere Kernkompetenz. Einerseits helfen wir unseren Kunden, diffizile Probleme beim Verst\u00e4ndnis quantenmechanischer Simulationen durch Analyse der Wellenfunktion zu l\u00f6sen und damit dem Kunden zu besseren Produkten zu verhelfen. Wir holen die \u201eChemie\u201c aus Ihren Rechnungen heraus.<\/p>\n\n\n<div class=\"wp-block-image\">\n<figure class=\"aligncenter size-large is-resized\"><img decoding=\"async\" src=\"https:\/\/wellenfunktion.ch\/wp-content\/uploads\/2025\/04\/Perowskit_scaled-1024x843.jpg\" alt=\"\" class=\"wp-image-297\" style=\"width:500px\"\/><\/figure>\n<\/div>\n\n\n<p>Andererseits beraten wir unsere Kunden bei der Modellbildung und Simulation dr\u00e4ngender molek\u00fcl- oder materialbasierter Probleme, um rascher als im Experiment zu belastbaren Ergebnissen zu kommen. Falls gew\u00fcnscht, schulen wir unsere Kunden bei der quantenmechanischen Berechnung und quantenchemischen Analyse beliebiger chemischer Systeme und beliebiger Gr\u00f6\u00dfenordnung.<\/p>\n\n\n\n<p>Mit ORBITAL (Sommer 2026) bieten wir das weltweit leistungsf\u00e4higste Computerprogramm zur quantenchemischen Analyse periodischer Systeme an, das sich an das akademische Programm LOBSTER (<a href=\"http:\/\/cohp.de\/\">www.cohp.de<\/a>) anlehnt, aber erheblich schneller, leistungsf\u00e4higer und vor allem leichter zu bedienen ist. Wir garantieren einen professionellen Industriestandard und absolut belastbare Ergebnisse.<\/p>\n\n\n\n<p>Zu unseren Kunden geh\u00f6ren bspw. Unternehmen der IT-Industrie, die f\u00fchrend in der Entwicklung neuartiger elektronischer Bauelemente sind, andererseits Universit\u00e4tskunden.<\/p>\n","protected":false},"excerpt":{"rendered":"<p>Die wissenschaftliche Beratung von Kunden auf quantenmechanischem Gebiet ist unsere Kernkompetenz. Einerseits helfen wir unseren Kunden, diffizile Probleme beim Verst\u00e4ndnis quantenmechanischer Simulationen durch Analyse der Wellenfunktion zu l\u00f6sen und damit dem Kunden zu besseren Produkten zu verhelfen. Wir holen die \u201eChemie\u201c aus Ihren Rechnungen heraus. Andererseits beraten wir unsere Kunden bei der Modellbildung und Simulation&hellip;&nbsp;<a href=\"https:\/\/wellenfunktion.ch\/?page_id=116&#038;lang=de\" rel=\"bookmark\"><span class=\"screen-reader-text\">Services<\/span><\/a><\/p>\n","protected":false},"author":1,"featured_media":0,"parent":0,"menu_order":0,"comment_status":"closed","ping_status":"closed","template":"","meta":{"neve_meta_sidebar":"","neve_meta_container":"","neve_meta_enable_content_width":"","neve_meta_content_width":0,"neve_meta_title_alignment":"","neve_meta_author_avatar":"","neve_post_elements_order":"","neve_meta_disable_header":"","neve_meta_disable_footer":"","neve_meta_disable_title":"","footnotes":""},"class_list":["post-116","page","type-page","status-publish","hentry"],"_links":{"self":[{"href":"https:\/\/wellenfunktion.ch\/index.php?rest_route=\/wp\/v2\/pages\/116","targetHints":{"allow":["GET"]}}],"collection":[{"href":"https:\/\/wellenfunktion.ch\/index.php?rest_route=\/wp\/v2\/pages"}],"about":[{"href":"https:\/\/wellenfunktion.ch\/index.php?rest_route=\/wp\/v2\/types\/page"}],"author":[{"embeddable":true,"href":"https:\/\/wellenfunktion.ch\/index.php?rest_route=\/wp\/v2\/users\/1"}],"replies":[{"embeddable":true,"href":"https:\/\/wellenfunktion.ch\/index.php?rest_route=%2Fwp%2Fv2%2Fcomments&post=116"}],"version-history":[{"count":6,"href":"https:\/\/wellenfunktion.ch\/index.php?rest_route=\/wp\/v2\/pages\/116\/revisions"}],"predecessor-version":[{"id":348,"href":"https:\/\/wellenfunktion.ch\/index.php?rest_route=\/wp\/v2\/pages\/116\/revisions\/348"}],"wp:attachment":[{"href":"https:\/\/wellenfunktion.ch\/index.php?rest_route=%2Fwp%2Fv2%2Fmedia&parent=116"}],"curies":[{"name":"wp","href":"https:\/\/api.w.org\/{rel}","templated":true}]}}